{"id":3330,"date":"2022-03-07T13:14:24","date_gmt":"2022-03-07T10:14:24","guid":{"rendered":"https:\/\/erimarikan.com\/en\/?page_id=3330"},"modified":"2022-06-08T14:35:06","modified_gmt":"2022-06-08T11:35:06","slug":"anasayfa","status":"publish","type":"page","link":"https:\/\/erimarikan.com\/en\/","title":{"rendered":"ER\u0130M ARIKAN OIL FOOD AND CONSTRUCTION INC."},"content":{"rendered":"<div id='av-layout-grid-1'  class='av-layout-grid-container av-7qov4i-8a74237b68b5a0a32de00d0311e29b5b entry-content-wrapper main_color av-flex-cells  avia-builder-el-0  el_before_av_section  avia-builder-el-first   container_wrap fullsize'  >\n\n<style type=\"text\/css\" data-created_by=\"avia_inline_auto\" id=\"style-css-av-5mq61u-28917e9f3de5aac2acdd418adede1c94\">\n.flex_cell.av-5mq61u-28917e9f3de5aac2acdd418adede1c94{\nvertical-align:top;\npadding:0px 0px 0px 0px;\n}\n<\/style>\n<div class='flex_cell av_one_full av-5mq61u-28917e9f3de5aac2acdd418adede1c94 no_margin  avia-builder-el-1  avia-builder-el-no-sibling  av-zero-padding' ><div class='flex_cell_inner'>\n<\/div><\/div>\n<\/div>\n<div id='av_section_1'  class='avia-section av-cb62pe-702fc22723aaab6b23ae5c8b6571d61a main_color avia-section-default avia-no-border-styling  avia-builder-el-3  el_after_av_layout_row  el_before_av_layout_row  avia-bg-style-scroll container_wrap fullsize'  ><div class='container av-section-cont-open' ><div class='template-page content  av-content-full alpha units'><div class='post-entry post-entry-type-page post-entry-3330'><div class='entry-content-wrapper clearfix'>\n\n<style type=\"text\/css\" data-created_by=\"avia_inline_auto\" id=\"style-css-av-l0gpe6qz-ebe4abb2246cf5a645b01e5ed939ef31\">\n#top .hr.av-l0gpe6qz-ebe4abb2246cf5a645b01e5ed939ef31{\nmargin-top:0px;\nmargin-bottom:30px;\n}\n.hr.av-l0gpe6qz-ebe4abb2246cf5a645b01e5ed939ef31 .hr-inner{\nwidth:50000px;\nborder-color:#f2f5fa;\n}\n<\/style>\n<div  class='hr av-l0gpe6qz-ebe4abb2246cf5a645b01e5ed939ef31 hr-custom  avia-builder-el-4  el_before_av_one_half  avia-builder-el-first  hr-center hr-icon-no'><span class='hr-inner inner-border-av-border-thin'><span class=\"hr-inner-style\"><\/span><\/span><\/div>\n<div class='flex_column av-61bpsy-4d10e33741b59f7509085ee342b35ca4 av_one_half  avia-builder-el-5  el_after_av_hr  el_before_av_one_half  first flex_column_div  av-animated-generic bottom-to-top '   ><p>\n<style type=\"text\/css\" data-created_by=\"avia_inline_auto\" id=\"style-css-av-ha2jm-4f9f2d6c7d95d02e800492fa08f5aeab\">\n#top .av-special-heading.av-ha2jm-4f9f2d6c7d95d02e800492fa08f5aeab{\npadding-bottom:10px;\n}\nbody .av-special-heading.av-ha2jm-4f9f2d6c7d95d02e800492fa08f5aeab .av-special-heading-tag .heading-char{\nfont-size:25px;\n}\n.av-special-heading.av-ha2jm-4f9f2d6c7d95d02e800492fa08f5aeab .av-subheading{\nfont-size:15px;\n}\n<\/style>\n<div  id=\"girisbaslik\"  class='av-special-heading av-ha2jm-4f9f2d6c7d95d02e800492fa08f5aeab av-special-heading-h3 blockquote modern-quote  avia-builder-el-6  el_before_av_textblock  avia-builder-el-first  girisbaslik'><h3 class='av-special-heading-tag'  itemprop=\"headline\"  >Industry Leader in vegetable and animal oils for feed<\/h3><div class='av-subheading av-subheading_below'><p>Our factory\u2019s production capacity is over 20 thousand tons per year.<\/p>\n<\/div><div class=\"special-heading-border\"><div class=\"special-heading-inner-border\"><\/div><\/div><\/div><br \/>\n<section  class='av_textblock_section av-1uiek2-0cb7b40c5f262026a8d29ca85b501bd3'  itemscope=\"itemscope\" itemtype=\"https:\/\/schema.org\/CreativeWork\" ><div class='avia_textblock'  itemprop=\"text\" ><p>Based on the experience of Ar\u0131kan family in feed, soap and chemical industries for over 30 years, our firm has been established and headquartered in Izmir since 2015. There is a facility located in Gazientep Province, Nizip District to produce foodstuff fatty acid within the body of Erim Ar\u0131kan Ya\u011f A.\u015e.. Our factory contributes to the raising of millions of poultries each year thanks to the vegetable acid oil for feed produced over 20 thousand tons per year.<\/p>\n<\/div><\/section><br \/>\n\n<style type=\"text\/css\" data-created_by=\"avia_inline_auto\" id=\"style-css-av-l0i48fw7-7caa764fa9297f04b1366687c4418216\">\n#top .avia-icon-list-container.av-l0i48fw7-7caa764fa9297f04b1366687c4418216 .iconlist_icon{\ncolor:#f2891d;\nbackground-color:#ffffff;\n}\n<\/style>\n<div  class='avia-icon-list-container av-l0i48fw7-7caa764fa9297f04b1366687c4418216  avia-builder-el-8  el_after_av_textblock  avia-builder-el-last '><ul class='avia-icon-list avia_animate_when_almost_visible avia-icon-list-left av-iconlist-big av-l0i48fw7-7caa764fa9297f04b1366687c4418216 avia-iconlist-animate'>\n<li><div class='iconlist_icon av-l0i486d4-2d3c7a10f6ac965702be4ba1641bf8c5 avia-font-entypo-fontello'><span class='iconlist-char' aria-hidden='true' data-av_icon='\ue812' data-av_iconfont='entypo-fontello'><\/span><\/div><article class=\"article-icon-entry \"  itemscope=\"itemscope\" itemtype=\"https:\/\/schema.org\/CreativeWork\" ><div class=\"iconlist_content_wrap\"><header class=\"entry-content-header\"><\/header><div class='iconlist_content '  itemprop=\"text\" ><p>To acquire positive gains in terms of community health by providing reliable high-grade service both in Turkey and certain points around the world without compromising quality.<\/p>\n<\/div><\/div><footer class=\"entry-footer\"><\/footer><\/article><div class=\"iconlist-timeline\"><\/div><\/li>\n<li><div class='iconlist_icon av-l0i486d4-2d3c7a10f6ac965702be4ba1641bf8c5 avia-font-entypo-fontello'><span class='iconlist-char' aria-hidden='true' data-av_icon='\ue812' data-av_iconfont='entypo-fontello'><\/span><\/div><article class=\"article-icon-entry \"  itemscope=\"itemscope\" itemtype=\"https:\/\/schema.org\/CreativeWork\" ><div class=\"iconlist_content_wrap\"><header class=\"entry-content-header\"><\/header><div class='iconlist_content '  itemprop=\"text\" ><p>To be a name sought-after in the food industry without compromising our principles on quality and value.<\/p>\n<\/div><\/div><footer class=\"entry-footer\"><\/footer><\/article><div class=\"iconlist-timeline\"><\/div><\/li>\n<\/ul><\/div><\/p><\/div><div class='flex_column av-4pkbnm-b37ce52c10d6e06bf0683fb3227b4dfa av_one_half  avia-builder-el-9  el_after_av_one_half  avia-builder-el-last  flex_column_div  av-animated-generic bottom-to-top '   ><p><br \/>\n<\/p><\/div>\n\n<\/div><\/div><\/div><!-- close content main div --><\/div><\/div><div id='av-layout-grid-2'  class='av-layout-grid-container av-b239u-abb609d63665e767b725a47b2315dc5c entry-content-wrapper main_color av-flex-cells  avia-builder-el-12  el_after_av_section  el_before_av_section  grid-row-not-first  container_wrap fullsize'  >\n\n<style type=\"text\/css\" data-created_by=\"avia_inline_auto\" id=\"style-css-av-l0gsf8ir-c37100a668d91b4c87cb129ff8a7b614\">\n.flex_cell.av-l0gsf8ir-c37100a668d91b4c87cb129ff8a7b614{\nvertical-align:top;\npadding:8% 8% 0px 8%;\n}\n<\/style>\n<div class='flex_cell av_one_full av-l0gsf8ir-c37100a668d91b4c87cb129ff8a7b614 no_margin  avia-builder-el-13  avia-builder-el-no-sibling ' ><div class='flex_cell_inner'><br \/>\n<div   data-autoplay='true'  data-interval='5'  data-animation='slide'  data-show_slide_delay='30'  class='avia-content-slider-element-container av-i1gcdu-b0f877b77bd8dbaa3ae13afe58079970 avia-content-slider-element-slider avia-content-slider avia-smallarrow-slider avia-content-slider-active avia-content-slider-odd  avia-builder-el-15  el_after_av_codeblock  el_before_av_hr  avia-content-slider1'><div class='avia-smallarrow-slider-heading  no-content-slider-heading '><div class='new-special-heading'>&nbsp;<\/div><div class='avia-slideshow-arrows avia-slideshow-controls' ><a href='#prev' class='prev-slide ' aria-hidden='true' data-av_icon='\ue87c' data-av_iconfont='entypo-fontello'  tabindex='-1'>Previous<\/a><a href='#next' class='next-slide ' aria-hidden='true' data-av_icon='\ue87d' data-av_iconfont='entypo-fontello'  tabindex='-1'>Next<\/a><\/div><\/div><div class=\"avia-content-slider-inner\"><div class=\"slide-entry-wrap\"><section class='slide-entry av-fp5sk2-33aa6bd5df01d452ec1f7df86c13f047 flex_column av_one_fifth post-entry slide-entry-overview slide-loop-1 slide-parity-odd  first'  itemscope=\"itemscope\" itemtype=\"https:\/\/schema.org\/CreativeWork\" ><div class='slide-entry-excerpt entry-content'  itemprop=\"text\" ><div class=\"item\">\n<p><a href=\"https:\/\/erimarikan.com\/en\/portfolio-item\/aycicek-yagi\/\"><img decoding=\"async\" class=\"imageee\" src=\"https:\/\/erimarikan.com\/en\/wp-content\/uploads\/2022\/04\/aycicek-yagi.jpg\" alt=\"Avatar\" \/><\/a><\/p>\n<div class=\"top-left\">Sunflower Oil<\/div>\n<\/div>\n<\/div><\/section><section class='slide-entry av-3qh8z6-26dcbd46e77f28da1ac07194dcd4ea21 flex_column av_one_fifth post-entry slide-entry-overview slide-loop-2 slide-parity-even  '  itemscope=\"itemscope\" itemtype=\"https:\/\/schema.org\/CreativeWork\" ><div class='slide-entry-excerpt entry-content'  itemprop=\"text\" ><div class=\"item\">\n<p><a href=\"https:\/\/erimarikan.com\/en\/portfolio-item\/soya-yagi\/\"><img decoding=\"async\" class=\"imageee\" src=\"https:\/\/erimarikan.com\/en\/wp-content\/uploads\/2022\/04\/soya-yagi.jpg\" alt=\"Avatar\" \/><\/a><\/p>\n<div class=\"top-left\">Soybean Oil<\/div>\n<\/div>\n<\/div><\/section><section class='slide-entry av-adzxn6-a5ce3998f1e04bb17bbaf82e01a19833 flex_column av_one_fifth post-entry slide-entry-overview slide-loop-3 slide-parity-odd  '  itemscope=\"itemscope\" itemtype=\"https:\/\/schema.org\/CreativeWork\" ><div class='slide-entry-excerpt entry-content'  itemprop=\"text\" ><div class=\"item\">\n<p><a href=\"https:\/\/erimarikan.com\/en\/portfolio-item\/pamuk-yagi\/\"><img decoding=\"async\" class=\"imageee\" src=\"https:\/\/erimarikan.com\/en\/wp-content\/uploads\/2022\/04\/pamuk-yagi.jpg\" alt=\"Avatar\" \/><\/a><\/p>\n<div class=\"top-left\">Cottonseed Oil<\/div>\n<\/div>\n<\/div><\/section><section class='slide-entry av-ed2tqq-0e3dcb6016521483d91c8d407e8533e1 flex_column av_one_fifth post-entry slide-entry-overview slide-loop-4 slide-parity-even  '  itemscope=\"itemscope\" itemtype=\"https:\/\/schema.org\/CreativeWork\" ><div class='slide-entry-excerpt entry-content'  itemprop=\"text\" ><div class=\"item\">\n<p><a href=\"https:\/\/erimarikan.com\/en\/portfolio-item\/kanola-yagi\/\"><img decoding=\"async\" class=\"imageee\" src=\"https:\/\/erimarikan.com\/en\/wp-content\/uploads\/2022\/04\/kanola-yagi.jpg\" alt=\"Avatar\" \/><\/a><\/p>\n<div class=\"top-left\">Canola Oil<\/div>\n<\/div>\n<\/div><\/section><section class='slide-entry av-cmzbci-9ec66fb86a77454bde6ad430c6cbc373 flex_column av_one_fifth post-entry slide-entry-overview slide-loop-5 slide-parity-odd  '  itemscope=\"itemscope\" itemtype=\"https:\/\/schema.org\/CreativeWork\" ><div class='slide-entry-excerpt entry-content'  itemprop=\"text\" ><div class=\"item\">\n<p><a href=\"https:\/\/erimarikan.com\/en\/portfolio-item\/keten-yagi\/\"><img decoding=\"async\" class=\"imageee\" src=\"https:\/\/erimarikan.com\/en\/wp-content\/uploads\/2022\/04\/keten-yagi.jpg\" alt=\"Avatar\" \/><\/a><\/p>\n<div class=\"top-left\">Flaxseed Oil<\/div>\n<\/div>\n<\/div><\/section><\/div><div class=\"slide-entry-wrap\"><section class='slide-entry av-66om8y-b64d28e9b31717740dc43f1329951c60 flex_column av_one_fifth post-entry slide-entry-overview slide-loop-6 slide-parity-odd  first'  itemscope=\"itemscope\" itemtype=\"https:\/\/schema.org\/CreativeWork\" ><div class='slide-entry-excerpt entry-content'  itemprop=\"text\" ><div class=\"item\">\n<p><a href=\"https:\/\/erimarikan.com\/en\/portfolio-item\/asit-yagi\/\"><img decoding=\"async\" class=\"imageee\" src=\"https:\/\/erimarikan.com\/en\/wp-content\/uploads\/2022\/05\/asit-yagi-anasayfa.jpg\" alt=\"Avatar\" \/><\/a><\/p>\n<div class=\"top-left\">Acid Oil<\/div>\n<\/div>\n<\/div><\/section><section class='slide-entry av-902iuq-331e102dce2938fd9a96c2c2ba2c6ce8 flex_column av_one_fifth post-entry slide-entry-overview slide-loop-7 slide-parity-even  '  itemscope=\"itemscope\" itemtype=\"https:\/\/schema.org\/CreativeWork\" ><div class='slide-entry-excerpt entry-content'  itemprop=\"text\" ><div class=\"item\">\n<p><a href=\"https:\/\/erimarikan.com\/en\/portfolio-item\/endustriyel-bitkisel-yag\/\"><img decoding=\"async\" class=\"imageee\" src=\"https:\/\/erimarikan.com\/en\/wp-content\/uploads\/2022\/05\/endutriyel-bitkisel-yag-anasayfa.jpg\" alt=\"Avatar\" \/><\/a><\/p>\n<div class=\"top-left\">Industrial Vegetable Oil<\/div>\n<\/div>\n<\/div><\/section><section class='slide-entry av-88l5ki-c529d888090aa8b3d559b3cb3f59b6f5 flex_column av_one_fifth post-entry slide-entry-overview slide-loop-8 slide-parity-odd  '  itemscope=\"itemscope\" itemtype=\"https:\/\/schema.org\/CreativeWork\" ><div class='slide-entry-excerpt entry-content'  itemprop=\"text\" ><div class=\"item\">\n<p><a href=\"https:\/\/erimarikan.com\/en\/portfolio-item\/tavuk-yagi\/\"><img decoding=\"async\" class=\"imageee\" src=\"https:\/\/erimarikan.com\/en\/wp-content\/uploads\/2022\/05\/tavuk-yagi-gorsel.jpg\" alt=\"Avatar\" \/><\/a><\/p>\n<div class=\"top-left\">Poultry Oil<\/div>\n<\/div>\n<\/div><\/section><section class='slide-entry av-2fjncy-bd87e32774b4fc2a8483519d229b1c5e flex_column av_one_fifth post-entry slide-entry-overview slide-loop-9 slide-parity-even  post-entry-last  '  itemscope=\"itemscope\" itemtype=\"https:\/\/schema.org\/CreativeWork\" ><div class='slide-entry-excerpt entry-content'  itemprop=\"text\" ><div class=\"item\">\n<p><a href=\"https:\/\/erimarikan.com\/en\/portfolio-item\/sabun\/\"><img decoding=\"async\" class=\"imageee\" src=\"https:\/\/erimarikan.com\/en\/wp-content\/uploads\/2022\/05\/sabunnnn.jpg\" alt=\"Avatar\" \/><\/a><\/p>\n<div class=\"top-left\">Soap<\/div>\n<\/div>\n<\/div><\/section><\/div><\/div><\/div><br \/>\n\n<style type=\"text\/css\" data-created_by=\"avia_inline_auto\" id=\"style-css-av-l2g55xjh-15d4ff275788e5e6ca5806ff6863c115\">\n#top .hr.hr-invisible.av-l2g55xjh-15d4ff275788e5e6ca5806ff6863c115{\nheight:100px;\n}\n<\/style>\n<div  class='hr av-l2g55xjh-15d4ff275788e5e6ca5806ff6863c115 hr-invisible  avia-builder-el-16  el_after_av_content_slider  avia-builder-el-last '><span class='hr-inner '><span class=\"hr-inner-style\"><\/span><\/span><\/div><\/p>\n<\/div><\/div>\n<\/div>\n<div id='av_section_2'  class='avia-section av-1fjs4i-5939d369f0d344f0b83a05c1ed59c5ac main_color avia-section-no-padding avia-no-border-styling  avia-builder-el-17  el_after_av_layout_row  el_before_av_section  avia-bg-style-scroll container_wrap fullsize'  ><div class='container av-section-cont-open' ><div class='template-page content  av-content-full alpha units'><div class='post-entry post-entry-type-page post-entry-3330'><div class='entry-content-wrapper clearfix'>\n<div class='flex_column av-16u7jm-46630912cf37140b4f37ada79ecddd60 av_one_full  avia-builder-el-18  avia-builder-el-no-sibling  first flex_column_div  av-animated-generic bottom-to-top '   ><\/div>\n\n<\/div><\/div><\/div><!-- close content main div --><\/div><\/div>\n<style type=\"text\/css\" data-created_by=\"avia_inline_auto\" id=\"style-css-av-8zvg82-7bca4d03f0a9bfd57c48b600aea70de0\">\n.avia-section.av-8zvg82-7bca4d03f0a9bfd57c48b600aea70de0{\nbackground-repeat:no-repeat;\nbackground-image:url(https:\/\/erimarikan.com\/en\/wp-content\/uploads\/2022\/05\/footer-image.jpg);\nbackground-position:0% 100%;\nbackground-attachment:scroll;\n}\n<\/style>\n<div id='av_section_3'  class='avia-section av-8zvg82-7bca4d03f0a9bfd57c48b600aea70de0 main_color avia-section-default avia-no-border-styling  avia-builder-el-20  el_after_av_section  avia-builder-el-last  avia-full-stretch avia-bg-style-scroll av-minimum-height av-minimum-height-65  container_wrap fullsize'  data-section-bg-repeat='stretch' data-av_minimum_height_pc='65'><div class='container av-section-cont-open' ><div class='template-page content  av-content-full alpha units'><div class='post-entry post-entry-type-page post-entry-3330'><div class='entry-content-wrapper clearfix'>\n<div class='flex_column_table av-4xybki-2e2bf73e5e6e555af8c2b0afea2dce05 sc-av_one_full av-equal-height-column-flextable'>\n<style type=\"text\/css\" data-created_by=\"avia_inline_auto\" id=\"style-css-av-4xybki-2e2bf73e5e6e555af8c2b0afea2dce05\">\n#top .flex_column_table.av-equal-height-column-flextable.av-4xybki-2e2bf73e5e6e555af8c2b0afea2dce05{\nmargin-top:-100px;\nmargin-bottom:0px;\n}\n.flex_column.av-4xybki-2e2bf73e5e6e555af8c2b0afea2dce05{\npadding:0 0 30px 0;\n}\n<\/style>\n<div class='flex_column av-4xybki-2e2bf73e5e6e555af8c2b0afea2dce05 av_one_full  avia-builder-el-21  el_before_av_one_full  avia-builder-el-first  first flex_column_table_cell av-equal-height-column av-align-top '   ><style type=\"text\/css\" data-created_by=\"avia_inline_auto\" id=\"style-css-av-346kde-30a9adb14d280fd09a08804a9d381b24\">\n.avia-image-container.av-346kde-30a9adb14d280fd09a08804a9d381b24 .av-image-caption-overlay-center{\ncolor:#ffffff;\n}\n<\/style>\n<div  class='avia-image-container av-346kde-30a9adb14d280fd09a08804a9d381b24 av-styling-no-styling avia-align-center  avia-builder-el-22  avia-builder-el-no-sibling '  itemprop=\"image\" itemscope=\"itemscope\" itemtype=\"https:\/\/schema.org\/ImageObject\" ><div class=\"avia-image-container-inner\"><div class=\"avia-image-overlay-wrap\"><img decoding=\"async\" class='wp-image-4073 avia-img-lazy-loading-not-4073 avia_image' src=\"https:\/\/erimarikan.com\/en\/wp-content\/uploads\/2022\/06\/erim-footer.png\" alt='' title='erim-footer'  height=\"87\" width=\"302\"  itemprop=\"thumbnailUrl\" srcset=\"https:\/\/erimarikan.com\/en\/wp-content\/uploads\/2022\/06\/erim-footer.png 302w, https:\/\/erimarikan.com\/en\/wp-content\/uploads\/2022\/06\/erim-footer-300x86.png 300w\" sizes=\"(max-width: 302px) 100vw, 302px\" \/><\/div><\/div><\/div><\/div><\/div><!--close column table wrapper. Autoclose: 1 --><div class='flex_column av-4acwv6-142241c281c915f11bef5d7f9270f097 av_one_full  avia-builder-el-23  el_after_av_one_full  avia-builder-el-last  first flex_column_div column-top-margin'   ><style type=\"text\/css\" data-created_by=\"avia_inline_auto\" id=\"style-css-av-21g3r6-b0de71ddadeebcae256f2bd8fa20e834\">\n#top .av_textblock_section.av-21g3r6-b0de71ddadeebcae256f2bd8fa20e834 .avia_textblock{\nfont-size:13px;\ncolor:#ffffff;\n}\n<\/style>\n<section  class='av_textblock_section av-21g3r6-b0de71ddadeebcae256f2bd8fa20e834'  itemscope=\"itemscope\" itemtype=\"https:\/\/schema.org\/CreativeWork\" ><div class='avia_textblock av_inherit_color'  itemprop=\"text\" ><p style=\"text-align: center;\">\u00a92022 Copyright. ER\u0130M ARIKAN YA\u011e | <a href=\"https:\/\/www.localveri.com.tr\/\">Localveri Kurumsal Web Tasar\u0131m<\/a><\/p>\n<\/div><\/section><\/div>\n","protected":false},"excerpt":{"rendered":"","protected":false},"author":1,"featured_media":0,"parent":0,"menu_order":0,"comment_status":"closed","ping_status":"closed","template":"","meta":{"footnotes":""},"class_list":["post-3330","page","type-page","status-publish","hentry"],"_links":{"self":[{"href":"https:\/\/erimarikan.com\/en\/wp-json\/wp\/v2\/pages\/3330","targetHints":{"allow":["GET"]}}],"collection":[{"href":"https:\/\/erimarikan.com\/en\/wp-json\/wp\/v2\/pages"}],"about":[{"href":"https:\/\/erimarikan.com\/en\/wp-json\/wp\/v2\/types\/page"}],"author":[{"embeddable":true,"href":"https:\/\/erimarikan.com\/en\/wp-json\/wp\/v2\/users\/1"}],"replies":[{"embeddable":true,"href":"https:\/\/erimarikan.com\/en\/wp-json\/wp\/v2\/comments?post=3330"}],"version-history":[{"count":216,"href":"https:\/\/erimarikan.com\/en\/wp-json\/wp\/v2\/pages\/3330\/revisions"}],"predecessor-version":[{"id":4077,"href":"https:\/\/erimarikan.com\/en\/wp-json\/wp\/v2\/pages\/3330\/revisions\/4077"}],"wp:attachment":[{"href":"https:\/\/erimarikan.com\/en\/wp-json\/wp\/v2\/media?parent=3330"}],"curies":[{"name":"wp","href":"https:\/\/api.w.org\/{rel}","templated":true}]}}